{"id":7634,"date":"2023-12-14T12:03:56","date_gmt":"2023-12-14T11:03:56","guid":{"rendered":"https:\/\/careosophy.com\/?page_id=7634"},"modified":"2023-12-14T12:08:00","modified_gmt":"2023-12-14T11:08:00","slug":"mentions-legales-2","status":"publish","type":"page","link":"https:\/\/careosophy.com\/index.php\/mentions-legales-2\/","title":{"rendered":"Mentions l\u00e9gales"},"content":{"rendered":"\t\t<div data-elementor-type=\"wp-page\" data-elementor-id=\"7634\" class=\"elementor elementor-7634\" data-elementor-post-type=\"page\">\n\t\t\t\t\t\t<section class=\"elementor-section elementor-top-section elementor-element elementor-element-27cee82 elementor-section-boxed elementor-section-height-default elementor-section-height-default\" data-id=\"27cee82\" data-element_type=\"section\" data-e-type=\"section\">\n\t\t\t\t\t\t<div class=\"elementor-container elementor-column-gap-default\">\n\t\t\t\t\t<div class=\"elementor-column elementor-col-100 elementor-top-column elementor-element elementor-element-1cd4fb3\" data-id=\"1cd4fb3\" data-element_type=\"column\" data-e-type=\"column\">\n\t\t\t<div class=\"elementor-widget-wrap elementor-element-populated\">\n\t\t\t\t\t\t<div class=\"elementor-element elementor-element-b970c1d elementor-widget elementor-widget-heading\" data-id=\"b970c1d\" data-element_type=\"widget\" data-e-type=\"widget\" data-widget_type=\"heading.default\">\n\t\t\t\t<div class=\"elementor-widget-container\">\n\t\t\t\t\t<h2 class=\"elementor-heading-title elementor-size-default\">Mentions l\u00e9gales<\/h2>\t\t\t\t<\/div>\n\t\t\t\t<\/div>\n\t\t\t\t\t<\/div>\n\t\t<\/div>\n\t\t\t\t\t<\/div>\n\t\t<\/section>\n\t\t\t\t<section class=\"elementor-section elementor-top-section elementor-element elementor-element-8cc3b7f elementor-section-boxed elementor-section-height-default elementor-section-height-default\" data-id=\"8cc3b7f\" data-element_type=\"section\" data-e-type=\"section\">\n\t\t\t\t\t\t<div class=\"elementor-container elementor-column-gap-default\">\n\t\t\t\t\t<div class=\"elementor-column elementor-col-100 elementor-top-column elementor-element elementor-element-1e87b14\" data-id=\"1e87b14\" data-element_type=\"column\" data-e-type=\"column\">\n\t\t\t<div class=\"elementor-widget-wrap elementor-element-populated\">\n\t\t\t\t\t\t<div class=\"elementor-element elementor-element-438f54e elementor-widget elementor-widget-text-editor\" data-id=\"438f54e\" data-element_type=\"widget\" data-e-type=\"widget\" data-widget_type=\"text-editor.default\">\n\t\t\t\t<div class=\"elementor-widget-container\">\n\t\t\t\t\t\t\t\t\t<p>INFORMATIONS G\u00c9N\u00c9RALES<\/p><p><strong>Editeur du site<\/strong><\/p><p>Le site web www.careosophy.com est \u00e9dit\u00e9 par SARL CAREOSOPHY au capital de 2000 \u20ac, Organisme de formation, dont le si\u00e8ge social est situ\u00e9 au 10 Rue de Br\u00e9a 44000 Nantes, immatricul\u00e9e au RCS de Nantes sous le num\u00e9ro 914876016 et dont l\u2019activit\u00e9 de formation est enregistr\u00e9e sour le num\u00e9ro 52441057244 aupr\u00e8s du pr\u00e9fet de r\u00e9gion des Pays de la Loire.<\/p><p>T\u00e9l\u00e9phone\u00a0: 07.77.07.57.45<\/p><p>Courriel\u00a0: contact@careosophy.com<\/p><p><strong>Publication du site<\/strong><\/p><p>La directrice de la publication de ce site web est Jean-Daniel ROCHE en qualit\u00e9 de Dirigeant de CAREOSOPHY.<\/p><p>Adresse postale\u00a0: 16 All\u00e9e de Tal ar Treiz 56340 Carnac<\/p><p><strong>H\u00e9bergeur<\/strong><\/p><p>Le site web est h\u00e9berg\u00e9 par OVH, 2 rue Kellermann 59100 Roubaix 1007<\/p><p>Vous pouvez contacter OVH en suivant le lien suivant : https:\/\/www.ovh.com\/fr\/protection-donnees-personnelles\/exercer-vos-droits\u00a0<\/p><p>Le site web CAREOSOPHY.com a \u00e9t\u00e9 r\u00e9alis\u00e9 par CAREOSOPHY.<\/p><p>PROPRI\u00c9T\u00c9 INTELLECTUELLE<\/p><p>La structure g\u00e9n\u00e9rale du site web, ainsi que les textes, images, savoir-faire, graphismes et tout autre \u00e9l\u00e9ment composant le site web, sont la propri\u00e9t\u00e9 exclusive de CAREOSOPHY.<\/p><p>Toute repr\u00e9sentation totale ou partielle de ce site web par quelque proc\u00e9d\u00e9 que ce soit, sans l\u2019autorisation expresse de CAREOSOPHY, est interdite et constituerait une contrefa\u00e7on sanctionn\u00e9e par les articles L.335-2 et suivants du Code de la propri\u00e9t\u00e9 intellectuelle.<\/p><p>PROTECTIONS DES DONN\u00c9ES PERSONNELLES<\/p><p>Vous trouverez une mention l\u00e9gale sp\u00e9cifique sur le lien suivant :\u00a0<strong>politique de gestion des donn\u00e9es personnelles.<\/strong><\/p><p>INFORMATIONS RELATIVES AU SITE WEB<\/p><p>CAREOSOPHY fera ses meilleurs efforts pour rendre le site web accessible 24 heures sur 24 et 7 jours sur 7, mais ne saurait en aucun cas engager sa responsabilit\u00e9 du fait d\u2019\u00e9ventuelles difficult\u00e9s d\u2019acc\u00e8s \u00e0 son site web.<\/p><p>CAREOSOPHY met tout en \u0153uvre pour offrir aux utilisateurs des informations disponibles et v\u00e9rifi\u00e9s mais ne saurait \u00eatre tenue pour responsable des erreurs ou omissions, d\u2019une absence de disponibilit\u00e9 des informations et des services. En cons\u00e9quence, l\u2019utilisateur reconna\u00eet utiliser ces informations sous sa responsabilit\u00e9 exclusive.<\/p><p>DROIT APPLICABLE<\/p><p>Le site Internet www.careosophy.com est soumis au droit fran\u00e7ais et est r\u00e9dig\u00e9 en fran\u00e7ais. Pour tout litige, il est fait attribution exclusive de juridiction aux tribunaux comp\u00e9tents du ressort de Vienne.<\/p><p>DONN\u00c9ES STATISTIQUES DE SUIVI<\/p><p>Nous utilisons les donn\u00e9es de connexion pour nos statistiques de consultation (type de navigateur, nombre de visiteurs, rubriques visit\u00e9es, etc.) pour l\u2019optimisation de notre site en termes de rubriques et de navigation.<\/p>\t\t\t\t\t\t\t\t<\/div>\n\t\t\t\t<\/div>\n\t\t\t\t\t<\/div>\n\t\t<\/div>\n\t\t\t\t\t<\/div>\n\t\t<\/section>\n\t\t\t\t<\/div>\n\t\t","protected":false},"excerpt":{"rendered":"<p>Mentions l\u00e9gales INFORMATIONS G\u00c9N\u00c9RALES Editeur du site Le site web www.careosophy.com est \u00e9dit\u00e9 par SARL CAREOSOPHY au capital de 2000 \u20ac, Organisme de formation, dont le si\u00e8ge social est situ\u00e9 au 10 Rue de Br\u00e9a 44000 Nantes, immatricul\u00e9e au RCS de Nantes sous le num\u00e9ro 914876016 et dont l\u2019activit\u00e9 de formation est enregistr\u00e9e sour le&hellip;<\/p>\n","protected":false},"author":1,"featured_media":0,"parent":0,"menu_order":0,"comment_status":"closed","ping_status":"closed","template":"","meta":{"footnotes":""},"class_list":["post-7634","page","type-page","status-publish","hentry"],"yoast_head":"<!-- This site is optimized with the Yoast SEO plugin v25.0 - https:\/\/yoast.com\/wordpress\/plugins\/seo\/ -->\n<title>Mentions l\u00e9gales - Careosophy<\/title>\n<meta name=\"robots\" content=\"index, follow, max-snippet:-1, max-image-preview:large, max-video-preview:-1\" \/>\n<link rel=\"canonical\" href=\"https:\/\/careosophy.com\/index.php\/mentions-legales-2\/\" \/>\n<meta property=\"og:locale\" content=\"fr_FR\" \/>\n<meta property=\"og:type\" content=\"article\" \/>\n<meta property=\"og:title\" content=\"Mentions l\u00e9gales - Careosophy\" \/>\n<meta property=\"og:description\" content=\"Mentions l\u00e9gales INFORMATIONS G\u00c9N\u00c9RALES Editeur du site Le site web www.careosophy.com est \u00e9dit\u00e9 par SARL CAREOSOPHY au capital de 2000 \u20ac, Organisme de formation, dont le si\u00e8ge social est situ\u00e9 au 10 Rue de Br\u00e9a 44000 Nantes, immatricul\u00e9e au RCS de Nantes sous le num\u00e9ro 914876016 et dont l\u2019activit\u00e9 de formation est enregistr\u00e9e sour le&hellip;\" \/>\n<meta property=\"og:url\" content=\"https:\/\/careosophy.com\/index.php\/mentions-legales-2\/\" \/>\n<meta property=\"og:site_name\" content=\"Careosophy\" \/>\n<meta property=\"article:modified_time\" content=\"2023-12-14T11:08:00+00:00\" \/>\n<meta name=\"twitter:card\" content=\"summary_large_image\" \/>\n<meta name=\"twitter:label1\" content=\"Dur\u00e9e de lecture estim\u00e9e\" \/>\n\t<meta name=\"twitter:data1\" content=\"2 minutes\" \/>\n<script type=\"application\/ld+json\" class=\"yoast-schema-graph\">{\"@context\":\"https:\/\/schema.org\",\"@graph\":[{\"@type\":\"WebPage\",\"@id\":\"https:\/\/careosophy.com\/index.php\/mentions-legales-2\/\",\"url\":\"https:\/\/careosophy.com\/index.php\/mentions-legales-2\/\",\"name\":\"Mentions l\u00e9gales - Careosophy\",\"isPartOf\":{\"@id\":\"https:\/\/careosophy.com\/#website\"},\"datePublished\":\"2023-12-14T11:03:56+00:00\",\"dateModified\":\"2023-12-14T11:08:00+00:00\",\"breadcrumb\":{\"@id\":\"https:\/\/careosophy.com\/index.php\/mentions-legales-2\/#breadcrumb\"},\"inLanguage\":\"fr-FR\",\"potentialAction\":[{\"@type\":\"ReadAction\",\"target\":[\"https:\/\/careosophy.com\/index.php\/mentions-legales-2\/\"]}]},{\"@type\":\"BreadcrumbList\",\"@id\":\"https:\/\/careosophy.com\/index.php\/mentions-legales-2\/#breadcrumb\",\"itemListElement\":[{\"@type\":\"ListItem\",\"position\":1,\"name\":\"Accueil\",\"item\":\"https:\/\/careosophy.com\/\"},{\"@type\":\"ListItem\",\"position\":2,\"name\":\"Mentions l\u00e9gales\"}]},{\"@type\":\"WebSite\",\"@id\":\"https:\/\/careosophy.com\/#website\",\"url\":\"https:\/\/careosophy.com\/\",\"name\":\"Careosophy\",\"description\":\"Devenir acteur de sa vie professionnelle pour se sentir bien dans son travail\",\"publisher\":{\"@id\":\"https:\/\/careosophy.com\/#organization\"},\"potentialAction\":[{\"@type\":\"SearchAction\",\"target\":{\"@type\":\"EntryPoint\",\"urlTemplate\":\"https:\/\/careosophy.com\/?s={search_term_string}\"},\"query-input\":{\"@type\":\"PropertyValueSpecification\",\"valueRequired\":true,\"valueName\":\"search_term_string\"}}],\"inLanguage\":\"fr-FR\"},{\"@type\":\"Organization\",\"@id\":\"https:\/\/careosophy.com\/#organization\",\"name\":\"Careosophy\",\"url\":\"https:\/\/careosophy.com\/\",\"logo\":{\"@type\":\"ImageObject\",\"inLanguage\":\"fr-FR\",\"@id\":\"https:\/\/careosophy.com\/#\/schema\/logo\/image\/\",\"url\":\"https:\/\/careosophy.com\/wp-content\/uploads\/2022\/05\/Wellbeing-and-health-for-caregivers-6.png\",\"contentUrl\":\"https:\/\/careosophy.com\/wp-content\/uploads\/2022\/05\/Wellbeing-and-health-for-caregivers-6.png\",\"width\":1050,\"height\":600,\"caption\":\"Careosophy\"},\"image\":{\"@id\":\"https:\/\/careosophy.com\/#\/schema\/logo\/image\/\"}}]}<\/script>\n<!-- \/ Yoast SEO plugin. -->","yoast_head_json":{"title":"Mentions l\u00e9gales - Careosophy","robots":{"index":"index","follow":"follow","max-snippet":"max-snippet:-1","max-image-preview":"max-image-preview:large","max-video-preview":"max-video-preview:-1"},"canonical":"https:\/\/careosophy.com\/index.php\/mentions-legales-2\/","og_locale":"fr_FR","og_type":"article","og_title":"Mentions l\u00e9gales - Careosophy","og_description":"Mentions l\u00e9gales INFORMATIONS G\u00c9N\u00c9RALES Editeur du site Le site web www.careosophy.com est \u00e9dit\u00e9 par SARL CAREOSOPHY au capital de 2000 \u20ac, Organisme de formation, dont le si\u00e8ge social est situ\u00e9 au 10 Rue de Br\u00e9a 44000 Nantes, immatricul\u00e9e au RCS de Nantes sous le num\u00e9ro 914876016 et dont l\u2019activit\u00e9 de formation est enregistr\u00e9e sour le&hellip;","og_url":"https:\/\/careosophy.com\/index.php\/mentions-legales-2\/","og_site_name":"Careosophy","article_modified_time":"2023-12-14T11:08:00+00:00","twitter_card":"summary_large_image","twitter_misc":{"Dur\u00e9e de lecture estim\u00e9e":"2 minutes"},"schema":{"@context":"https:\/\/schema.org","@graph":[{"@type":"WebPage","@id":"https:\/\/careosophy.com\/index.php\/mentions-legales-2\/","url":"https:\/\/careosophy.com\/index.php\/mentions-legales-2\/","name":"Mentions l\u00e9gales - Careosophy","isPartOf":{"@id":"https:\/\/careosophy.com\/#website"},"datePublished":"2023-12-14T11:03:56+00:00","dateModified":"2023-12-14T11:08:00+00:00","breadcrumb":{"@id":"https:\/\/careosophy.com\/index.php\/mentions-legales-2\/#breadcrumb"},"inLanguage":"fr-FR","potentialAction":[{"@type":"ReadAction","target":["https:\/\/careosophy.com\/index.php\/mentions-legales-2\/"]}]},{"@type":"BreadcrumbList","@id":"https:\/\/careosophy.com\/index.php\/mentions-legales-2\/#breadcrumb","itemListElement":[{"@type":"ListItem","position":1,"name":"Accueil","item":"https:\/\/careosophy.com\/"},{"@type":"ListItem","position":2,"name":"Mentions l\u00e9gales"}]},{"@type":"WebSite","@id":"https:\/\/careosophy.com\/#website","url":"https:\/\/careosophy.com\/","name":"Careosophy","description":"Devenir acteur de sa vie professionnelle pour se sentir bien dans son travail","publisher":{"@id":"https:\/\/careosophy.com\/#organization"},"potentialAction":[{"@type":"SearchAction","target":{"@type":"EntryPoint","urlTemplate":"https:\/\/careosophy.com\/?s={search_term_string}"},"query-input":{"@type":"PropertyValueSpecification","valueRequired":true,"valueName":"search_term_string"}}],"inLanguage":"fr-FR"},{"@type":"Organization","@id":"https:\/\/careosophy.com\/#organization","name":"Careosophy","url":"https:\/\/careosophy.com\/","logo":{"@type":"ImageObject","inLanguage":"fr-FR","@id":"https:\/\/careosophy.com\/#\/schema\/logo\/image\/","url":"https:\/\/careosophy.com\/wp-content\/uploads\/2022\/05\/Wellbeing-and-health-for-caregivers-6.png","contentUrl":"https:\/\/careosophy.com\/wp-content\/uploads\/2022\/05\/Wellbeing-and-health-for-caregivers-6.png","width":1050,"height":600,"caption":"Careosophy"},"image":{"@id":"https:\/\/careosophy.com\/#\/schema\/logo\/image\/"}}]}},"_links":{"self":[{"href":"https:\/\/careosophy.com\/index.php\/wp-json\/wp\/v2\/pages\/7634","targetHints":{"allow":["GET"]}}],"collection":[{"href":"https:\/\/careosophy.com\/index.php\/wp-json\/wp\/v2\/pages"}],"about":[{"href":"https:\/\/careosophy.com\/index.php\/wp-json\/wp\/v2\/types\/page"}],"author":[{"embeddable":true,"href":"https:\/\/careosophy.com\/index.php\/wp-json\/wp\/v2\/users\/1"}],"replies":[{"embeddable":true,"href":"https:\/\/careosophy.com\/index.php\/wp-json\/wp\/v2\/comments?post=7634"}],"version-history":[{"count":7,"href":"https:\/\/careosophy.com\/index.php\/wp-json\/wp\/v2\/pages\/7634\/revisions"}],"predecessor-version":[{"id":7642,"href":"https:\/\/careosophy.com\/index.php\/wp-json\/wp\/v2\/pages\/7634\/revisions\/7642"}],"wp:attachment":[{"href":"https:\/\/careosophy.com\/index.php\/wp-json\/wp\/v2\/media?parent=7634"}],"curies":[{"name":"wp","href":"https:\/\/api.w.org\/{rel}","templated":true}]}}