{"id":9664,"date":"2025-10-20T18:37:36","date_gmt":"2025-10-20T16:37:36","guid":{"rendered":"https:\/\/careosophy.com\/?page_id=9664"},"modified":"2025-10-20T18:47:12","modified_gmt":"2025-10-20T16:47:12","slug":"bilan-qualite","status":"publish","type":"page","link":"https:\/\/careosophy.com\/index.php\/bilan-qualite\/","title":{"rendered":"Bilan qualit\u00e9"},"content":{"rendered":"\t\t<div data-elementor-type=\"wp-page\" data-elementor-id=\"9664\" class=\"elementor elementor-9664\" data-elementor-post-type=\"page\">\n\t\t\t\t\t\t<section class=\"elementor-section elementor-top-section elementor-element elementor-element-1b59fb6 elementor-section-boxed elementor-section-height-default elementor-section-height-default\" data-id=\"1b59fb6\" data-element_type=\"section\" data-e-type=\"section\">\n\t\t\t\t\t\t<div class=\"elementor-container elementor-column-gap-default\">\n\t\t\t\t\t<div class=\"elementor-column elementor-col-100 elementor-top-column elementor-element elementor-element-d4df404\" data-id=\"d4df404\" data-element_type=\"column\" data-e-type=\"column\">\n\t\t\t<div class=\"elementor-widget-wrap elementor-element-populated\">\n\t\t\t\t\t\t<div class=\"elementor-element elementor-element-4191f43 elementor-widget elementor-widget-heading\" data-id=\"4191f43\" data-element_type=\"widget\" data-e-type=\"widget\" data-widget_type=\"heading.default\">\n\t\t\t\t<div class=\"elementor-widget-container\">\n\t\t\t\t\t<h2 class=\"elementor-heading-title elementor-size-default\">Bilan qualit\u00e9<\/h2>\t\t\t\t<\/div>\n\t\t\t\t<\/div>\n\t\t\t\t\t<\/div>\n\t\t<\/div>\n\t\t\t\t\t<\/div>\n\t\t<\/section>\n\t\t\t\t<section class=\"elementor-section elementor-top-section elementor-element elementor-element-95ad891 elementor-section-boxed elementor-section-height-default elementor-section-height-default\" data-id=\"95ad891\" data-element_type=\"section\" data-e-type=\"section\">\n\t\t\t\t\t\t<div class=\"elementor-container elementor-column-gap-default\">\n\t\t\t\t\t<div class=\"elementor-column elementor-col-100 elementor-top-column elementor-element elementor-element-3b9875e\" data-id=\"3b9875e\" data-element_type=\"column\" data-e-type=\"column\">\n\t\t\t<div class=\"elementor-widget-wrap elementor-element-populated\">\n\t\t\t\t\t\t<div class=\"elementor-element elementor-element-affdb0d elementor-widget elementor-widget-html\" data-id=\"affdb0d\" data-element_type=\"widget\" data-e-type=\"widget\" data-widget_type=\"html.default\">\n\t\t\t\t<div class=\"elementor-widget-container\">\n\t\t\t\t\t<div style=\"flex: 1; min-width: 300px; padding: 20px; border: 2px solid #00aa88; border-radius: 12px;\">\n    <h3>\ud83e\uddd8 Bilan qualit\u00e9 2024 <\/h3>\n   \n    <ul>\n      <li>\ud83c\udfaf En 2024, 100% des participants (n=9) se d\u00e9clarent satisfaits de nos formations, avec un NPS de 100.\u201d<\/li>\n    <li> \ud83c\udfaf 90% des participants d\u00e9clarent avoir acquis \"beaucoup ou totalement\" les comp\u00e9tences qu'ils devaient apprendre(gestion du stress et des \u00e9motions).<\/li>\n    <li> \ud83c\udfaf 100% des participants d\u00e9clarent que la formation leur a \u00e9t\u00e9 \"beaucoup ou totalement\" b\u00e9n\u00e9fique perosnnellement.<\/li>\n      (Mise \u00e0 jour 20.10.2025)\n  <\/div>\n<\/div>\t\t\t\t<\/div>\n\t\t\t\t<\/div>\n\t\t\t\t\t<\/div>\n\t\t<\/div>\n\t\t\t\t\t<\/div>\n\t\t<\/section>\n\t\t\t\t<\/div>\n\t\t","protected":false},"excerpt":{"rendered":"<p>Bilan qualit\u00e9 \ud83e\uddd8 Bilan qualit\u00e9 2024 \ud83c\udfaf En 2024, 100% des participants (n=9) se d\u00e9clarent satisfaits de nos formations, avec un NPS de 100.\u201d \ud83c\udfaf 90% des participants d\u00e9clarent avoir acquis &#8220;beaucoup ou totalement&#8221; les comp\u00e9tences qu&#8217;ils devaient apprendre(gestion du stress et des \u00e9motions). \ud83c\udfaf 100% des participants d\u00e9clarent que la formation leur a \u00e9t\u00e9&hellip;<\/p>\n","protected":false},"author":1,"featured_media":0,"parent":0,"menu_order":0,"comment_status":"closed","ping_status":"closed","template":"","meta":{"footnotes":""},"class_list":["post-9664","page","type-page","status-publish","hentry"],"yoast_head":"<!-- This site is optimized with the Yoast SEO plugin v25.0 - https:\/\/yoast.com\/wordpress\/plugins\/seo\/ -->\n<title>Bilan qualit\u00e9 - Careosophy<\/title>\n<meta name=\"robots\" content=\"index, follow, max-snippet:-1, max-image-preview:large, max-video-preview:-1\" \/>\n<link rel=\"canonical\" href=\"https:\/\/careosophy.com\/index.php\/bilan-qualite\/\" \/>\n<meta property=\"og:locale\" content=\"fr_FR\" \/>\n<meta property=\"og:type\" content=\"article\" \/>\n<meta property=\"og:title\" content=\"Bilan qualit\u00e9 - Careosophy\" \/>\n<meta property=\"og:description\" content=\"Bilan qualit\u00e9 \ud83e\uddd8 Bilan qualit\u00e9 2024 \ud83c\udfaf En 2024, 100% des participants (n=9) se d\u00e9clarent satisfaits de nos formations, avec un NPS de 100.\u201d \ud83c\udfaf 90% des participants d\u00e9clarent avoir acquis &#8220;beaucoup ou totalement&#8221; les comp\u00e9tences qu&#8217;ils devaient apprendre(gestion du stress et des \u00e9motions). \ud83c\udfaf 100% des participants d\u00e9clarent que la formation leur a \u00e9t\u00e9&hellip;\" \/>\n<meta property=\"og:url\" content=\"https:\/\/careosophy.com\/index.php\/bilan-qualite\/\" \/>\n<meta property=\"og:site_name\" content=\"Careosophy\" \/>\n<meta property=\"article:modified_time\" content=\"2025-10-20T16:47:12+00:00\" \/>\n<meta name=\"twitter:card\" content=\"summary_large_image\" \/>\n<meta name=\"twitter:label1\" content=\"Dur\u00e9e de lecture estim\u00e9e\" \/>\n\t<meta name=\"twitter:data1\" content=\"1 minute\" \/>\n<script type=\"application\/ld+json\" class=\"yoast-schema-graph\">{\"@context\":\"https:\/\/schema.org\",\"@graph\":[{\"@type\":\"WebPage\",\"@id\":\"https:\/\/careosophy.com\/index.php\/bilan-qualite\/\",\"url\":\"https:\/\/careosophy.com\/index.php\/bilan-qualite\/\",\"name\":\"Bilan qualit\u00e9 - Careosophy\",\"isPartOf\":{\"@id\":\"https:\/\/careosophy.com\/#website\"},\"datePublished\":\"2025-10-20T16:37:36+00:00\",\"dateModified\":\"2025-10-20T16:47:12+00:00\",\"breadcrumb\":{\"@id\":\"https:\/\/careosophy.com\/index.php\/bilan-qualite\/#breadcrumb\"},\"inLanguage\":\"fr-FR\",\"potentialAction\":[{\"@type\":\"ReadAction\",\"target\":[\"https:\/\/careosophy.com\/index.php\/bilan-qualite\/\"]}]},{\"@type\":\"BreadcrumbList\",\"@id\":\"https:\/\/careosophy.com\/index.php\/bilan-qualite\/#breadcrumb\",\"itemListElement\":[{\"@type\":\"ListItem\",\"position\":1,\"name\":\"Accueil\",\"item\":\"https:\/\/careosophy.com\/\"},{\"@type\":\"ListItem\",\"position\":2,\"name\":\"Bilan qualit\u00e9\"}]},{\"@type\":\"WebSite\",\"@id\":\"https:\/\/careosophy.com\/#website\",\"url\":\"https:\/\/careosophy.com\/\",\"name\":\"Careosophy\",\"description\":\"Devenir acteur de sa vie professionnelle pour se sentir bien dans son travail\",\"publisher\":{\"@id\":\"https:\/\/careosophy.com\/#organization\"},\"potentialAction\":[{\"@type\":\"SearchAction\",\"target\":{\"@type\":\"EntryPoint\",\"urlTemplate\":\"https:\/\/careosophy.com\/?s={search_term_string}\"},\"query-input\":{\"@type\":\"PropertyValueSpecification\",\"valueRequired\":true,\"valueName\":\"search_term_string\"}}],\"inLanguage\":\"fr-FR\"},{\"@type\":\"Organization\",\"@id\":\"https:\/\/careosophy.com\/#organization\",\"name\":\"Careosophy\",\"url\":\"https:\/\/careosophy.com\/\",\"logo\":{\"@type\":\"ImageObject\",\"inLanguage\":\"fr-FR\",\"@id\":\"https:\/\/careosophy.com\/#\/schema\/logo\/image\/\",\"url\":\"https:\/\/careosophy.com\/wp-content\/uploads\/2022\/05\/Wellbeing-and-health-for-caregivers-6.png\",\"contentUrl\":\"https:\/\/careosophy.com\/wp-content\/uploads\/2022\/05\/Wellbeing-and-health-for-caregivers-6.png\",\"width\":1050,\"height\":600,\"caption\":\"Careosophy\"},\"image\":{\"@id\":\"https:\/\/careosophy.com\/#\/schema\/logo\/image\/\"}}]}<\/script>\n<!-- \/ Yoast SEO plugin. -->","yoast_head_json":{"title":"Bilan qualit\u00e9 - Careosophy","robots":{"index":"index","follow":"follow","max-snippet":"max-snippet:-1","max-image-preview":"max-image-preview:large","max-video-preview":"max-video-preview:-1"},"canonical":"https:\/\/careosophy.com\/index.php\/bilan-qualite\/","og_locale":"fr_FR","og_type":"article","og_title":"Bilan qualit\u00e9 - Careosophy","og_description":"Bilan qualit\u00e9 \ud83e\uddd8 Bilan qualit\u00e9 2024 \ud83c\udfaf En 2024, 100% des participants (n=9) se d\u00e9clarent satisfaits de nos formations, avec un NPS de 100.\u201d \ud83c\udfaf 90% des participants d\u00e9clarent avoir acquis &#8220;beaucoup ou totalement&#8221; les comp\u00e9tences qu&#8217;ils devaient apprendre(gestion du stress et des \u00e9motions). \ud83c\udfaf 100% des participants d\u00e9clarent que la formation leur a \u00e9t\u00e9&hellip;","og_url":"https:\/\/careosophy.com\/index.php\/bilan-qualite\/","og_site_name":"Careosophy","article_modified_time":"2025-10-20T16:47:12+00:00","twitter_card":"summary_large_image","twitter_misc":{"Dur\u00e9e de lecture estim\u00e9e":"1 minute"},"schema":{"@context":"https:\/\/schema.org","@graph":[{"@type":"WebPage","@id":"https:\/\/careosophy.com\/index.php\/bilan-qualite\/","url":"https:\/\/careosophy.com\/index.php\/bilan-qualite\/","name":"Bilan qualit\u00e9 - Careosophy","isPartOf":{"@id":"https:\/\/careosophy.com\/#website"},"datePublished":"2025-10-20T16:37:36+00:00","dateModified":"2025-10-20T16:47:12+00:00","breadcrumb":{"@id":"https:\/\/careosophy.com\/index.php\/bilan-qualite\/#breadcrumb"},"inLanguage":"fr-FR","potentialAction":[{"@type":"ReadAction","target":["https:\/\/careosophy.com\/index.php\/bilan-qualite\/"]}]},{"@type":"BreadcrumbList","@id":"https:\/\/careosophy.com\/index.php\/bilan-qualite\/#breadcrumb","itemListElement":[{"@type":"ListItem","position":1,"name":"Accueil","item":"https:\/\/careosophy.com\/"},{"@type":"ListItem","position":2,"name":"Bilan qualit\u00e9"}]},{"@type":"WebSite","@id":"https:\/\/careosophy.com\/#website","url":"https:\/\/careosophy.com\/","name":"Careosophy","description":"Devenir acteur de sa vie professionnelle pour se sentir bien dans son travail","publisher":{"@id":"https:\/\/careosophy.com\/#organization"},"potentialAction":[{"@type":"SearchAction","target":{"@type":"EntryPoint","urlTemplate":"https:\/\/careosophy.com\/?s={search_term_string}"},"query-input":{"@type":"PropertyValueSpecification","valueRequired":true,"valueName":"search_term_string"}}],"inLanguage":"fr-FR"},{"@type":"Organization","@id":"https:\/\/careosophy.com\/#organization","name":"Careosophy","url":"https:\/\/careosophy.com\/","logo":{"@type":"ImageObject","inLanguage":"fr-FR","@id":"https:\/\/careosophy.com\/#\/schema\/logo\/image\/","url":"https:\/\/careosophy.com\/wp-content\/uploads\/2022\/05\/Wellbeing-and-health-for-caregivers-6.png","contentUrl":"https:\/\/careosophy.com\/wp-content\/uploads\/2022\/05\/Wellbeing-and-health-for-caregivers-6.png","width":1050,"height":600,"caption":"Careosophy"},"image":{"@id":"https:\/\/careosophy.com\/#\/schema\/logo\/image\/"}}]}},"_links":{"self":[{"href":"https:\/\/careosophy.com\/index.php\/wp-json\/wp\/v2\/pages\/9664","targetHints":{"allow":["GET"]}}],"collection":[{"href":"https:\/\/careosophy.com\/index.php\/wp-json\/wp\/v2\/pages"}],"about":[{"href":"https:\/\/careosophy.com\/index.php\/wp-json\/wp\/v2\/types\/page"}],"author":[{"embeddable":true,"href":"https:\/\/careosophy.com\/index.php\/wp-json\/wp\/v2\/users\/1"}],"replies":[{"embeddable":true,"href":"https:\/\/careosophy.com\/index.php\/wp-json\/wp\/v2\/comments?post=9664"}],"version-history":[{"count":7,"href":"https:\/\/careosophy.com\/index.php\/wp-json\/wp\/v2\/pages\/9664\/revisions"}],"predecessor-version":[{"id":9673,"href":"https:\/\/careosophy.com\/index.php\/wp-json\/wp\/v2\/pages\/9664\/revisions\/9673"}],"wp:attachment":[{"href":"https:\/\/careosophy.com\/index.php\/wp-json\/wp\/v2\/media?parent=9664"}],"curies":[{"name":"wp","href":"https:\/\/api.w.org\/{rel}","templated":true}]}}