{"id":9674,"date":"2025-10-24T10:13:53","date_gmt":"2025-10-24T08:13:53","guid":{"rendered":"https:\/\/careosophy.com\/?page_id=9674"},"modified":"2025-10-24T10:19:23","modified_gmt":"2025-10-24T08:19:23","slug":"reglement-interieur-careosophy","status":"publish","type":"page","link":"https:\/\/careosophy.com\/index.php\/reglement-interieur-careosophy\/","title":{"rendered":"R\u00e9glement int\u00e9rieur &#8211; CAREOSOPHY"},"content":{"rendered":"\t\t<div data-elementor-type=\"wp-page\" data-elementor-id=\"9674\" class=\"elementor elementor-9674\" data-elementor-post-type=\"page\">\n\t\t\t\t\t\t<section class=\"elementor-section elementor-top-section elementor-element elementor-element-268611f elementor-section-boxed elementor-section-height-default elementor-section-height-default\" data-id=\"268611f\" data-element_type=\"section\" data-e-type=\"section\">\n\t\t\t\t\t\t<div class=\"elementor-container elementor-column-gap-default\">\n\t\t\t\t\t<div class=\"elementor-column elementor-col-100 elementor-top-column elementor-element elementor-element-a2c9cb3\" data-id=\"a2c9cb3\" data-element_type=\"column\" data-e-type=\"column\">\n\t\t\t<div class=\"elementor-widget-wrap elementor-element-populated\">\n\t\t\t\t\t\t<div class=\"elementor-element elementor-element-bf38736 elementor-widget elementor-widget-text-editor\" data-id=\"bf38736\" data-element_type=\"widget\" data-e-type=\"widget\" data-widget_type=\"text-editor.default\">\n\t\t\t\t<div class=\"elementor-widget-container\">\n\t\t\t\t\t\t\t\t\t<p class=\"p1\"><b>R\u00e8glement Int\u00e9rieur des Actions de Formation \u2013 CAREOSOPHY<\/b><\/p><p class=\"p2\">Maj 08.09.2025<\/p><p class=\"p3\">Conform\u00e9ment aux articles R.6352-1 \u00e0 R.6352-15 du Code du travail, le pr\u00e9sent r\u00e8glement s\u2019applique \u00e0 l\u2019ensemble des participants aux actions de formation organis\u00e9es par CAREOSOPHY.<\/p><p class=\"p4\"><b>Article 1 \u2013 Objet<\/b><\/p><p class=\"p3\">Le pr\u00e9sent r\u00e8glement a pour objet de pr\u00e9ciser les r\u00e8gles g\u00e9n\u00e9rales et permanentes relatives \u00e0 la discipline, \u00e0 l\u2019hygi\u00e8ne et \u00e0 la s\u00e9curit\u00e9 n\u00e9cessaires au bon d\u00e9roulement des formations.<\/p><p class=\"p4\"><b>Article 2 \u2013 Champ d\u2019application<\/b><\/p><p class=\"p3\">Le r\u00e8glement s\u2019applique \u00e0 toutes les personnes inscrites \u00e0 une action de formation organis\u00e9e par CAREOSOPHY, qu\u2019elle se d\u00e9roule en pr\u00e9sentiel ou \u00e0 distance.<\/p><p class=\"p4\"><b>Article 3 \u2013 Hygi\u00e8ne et s\u00e9curit\u00e9<\/b><\/p><p class=\"p3\">Chaque participant doit se conformer aux consignes de s\u00e9curit\u00e9 et d\u2019hygi\u00e8ne en vigueur dans le lieu o\u00f9 la formation est dispens\u00e9e. Il est interdit d\u2019introduire ou de consommer des boissons alcoolis\u00e9es ou des substances illicites dans les locaux.<\/p><p class=\"p4\"><b>Article 4 \u2013 Discipline g\u00e9n\u00e9rale<\/b><\/p><p class=\"p3\">Les participants sont tenus \u00e0 une attitude respectueuse vis-\u00e0-vis du formateur et des autres stagiaires. Toute perturbation volontaire du d\u00e9roulement de la formation pourra entra\u00eener l&#8217;exclusion du stagiaire.<\/p><p class=\"p4\"><b>Article 5 \u2013 Assiduit\u00e9 et ponctualit\u00e9<\/b><\/p><p class=\"p3\">Les participants doivent respecter les horaires communiqu\u00e9s. Toute absence ou retard doit \u00eatre signal\u00e9 au formateur ou \u00e0 l\u2019organisme de formation.<\/p><p class=\"p4\"><b>Article 6 \u2013 Usage du mat\u00e9riel p\u00e9dagogique<\/b><\/p><p class=\"p3\">Le mat\u00e9riel p\u00e9dagogique mis \u00e0 disposition doit \u00eatre utilis\u00e9 conform\u00e9ment \u00e0 son objet. Tout usage \u00e0 des fins personnelles ou toute d\u00e9gradation pourra donner lieu \u00e0 une sanction et \u00e0 une r\u00e9paration financi\u00e8re.<\/p><p class=\"p4\"><b>Article 7 \u2013 Sanctions<\/b><\/p><p class=\"p3\">Tout manquement au pr\u00e9sent r\u00e8glement pourra donner lieu \u00e0 des sanctions gradu\u00e9es : avertissement, exclusion temporaire ou d\u00e9finitive de la formation. La d\u00e9cision sera notifi\u00e9e par \u00e9crit au participant concern\u00e9.<\/p><p class=\"p4\"><b>Article 8 \u2013 Entr\u00e9e en vigueur et communication<\/b><\/p><p class=\"p3\">Le pr\u00e9sent r\u00e8glement est communiqu\u00e9 \u00e0 chaque participant avant son inscription d\u00e9finitive. Il est annex\u00e9 \u00e0 la convention ou au contrat de formation et peut \u00eatre consult\u00e9 \u00e0 tout moment sur simple demande.<\/p>\t\t\t\t\t\t\t\t<\/div>\n\t\t\t\t<\/div>\n\t\t\t\t\t<\/div>\n\t\t<\/div>\n\t\t\t\t\t<\/div>\n\t\t<\/section>\n\t\t\t\t<\/div>\n\t\t","protected":false},"excerpt":{"rendered":"<p>R\u00e8glement Int\u00e9rieur des Actions de Formation \u2013 CAREOSOPHY Maj 08.09.2025 Conform\u00e9ment aux articles R.6352-1 \u00e0 R.6352-15 du Code du travail, le pr\u00e9sent r\u00e8glement s\u2019applique \u00e0 l\u2019ensemble des participants aux actions de formation organis\u00e9es par CAREOSOPHY. Article 1 \u2013 Objet Le pr\u00e9sent r\u00e8glement a pour objet de pr\u00e9ciser les r\u00e8gles g\u00e9n\u00e9rales et permanentes relatives \u00e0 la&hellip;<\/p>\n","protected":false},"author":1,"featured_media":0,"parent":0,"menu_order":0,"comment_status":"closed","ping_status":"closed","template":"","meta":{"footnotes":""},"class_list":["post-9674","page","type-page","status-publish","hentry"],"yoast_head":"<!-- This site is optimized with the Yoast SEO plugin v25.0 - https:\/\/yoast.com\/wordpress\/plugins\/seo\/ -->\n<title>R\u00e9glement int\u00e9rieur - CAREOSOPHY - Careosophy<\/title>\n<meta name=\"robots\" content=\"index, follow, max-snippet:-1, max-image-preview:large, max-video-preview:-1\" \/>\n<link rel=\"canonical\" href=\"https:\/\/careosophy.com\/index.php\/reglement-interieur-careosophy\/\" \/>\n<meta property=\"og:locale\" content=\"fr_FR\" \/>\n<meta property=\"og:type\" content=\"article\" \/>\n<meta property=\"og:title\" content=\"R\u00e9glement int\u00e9rieur - CAREOSOPHY - Careosophy\" \/>\n<meta property=\"og:description\" content=\"R\u00e8glement Int\u00e9rieur des Actions de Formation \u2013 CAREOSOPHY Maj 08.09.2025 Conform\u00e9ment aux articles R.6352-1 \u00e0 R.6352-15 du Code du travail, le pr\u00e9sent r\u00e8glement s\u2019applique \u00e0 l\u2019ensemble des participants aux actions de formation organis\u00e9es par CAREOSOPHY. Article 1 \u2013 Objet Le pr\u00e9sent r\u00e8glement a pour objet de pr\u00e9ciser les r\u00e8gles g\u00e9n\u00e9rales et permanentes relatives \u00e0 la&hellip;\" \/>\n<meta property=\"og:url\" content=\"https:\/\/careosophy.com\/index.php\/reglement-interieur-careosophy\/\" \/>\n<meta property=\"og:site_name\" content=\"Careosophy\" \/>\n<meta property=\"article:modified_time\" content=\"2025-10-24T08:19:23+00:00\" \/>\n<meta name=\"twitter:card\" content=\"summary_large_image\" \/>\n<meta name=\"twitter:label1\" content=\"Dur\u00e9e de lecture estim\u00e9e\" \/>\n\t<meta name=\"twitter:data1\" content=\"2 minutes\" \/>\n<script type=\"application\/ld+json\" class=\"yoast-schema-graph\">{\"@context\":\"https:\/\/schema.org\",\"@graph\":[{\"@type\":\"WebPage\",\"@id\":\"https:\/\/careosophy.com\/index.php\/reglement-interieur-careosophy\/\",\"url\":\"https:\/\/careosophy.com\/index.php\/reglement-interieur-careosophy\/\",\"name\":\"R\u00e9glement int\u00e9rieur - CAREOSOPHY - Careosophy\",\"isPartOf\":{\"@id\":\"https:\/\/careosophy.com\/#website\"},\"datePublished\":\"2025-10-24T08:13:53+00:00\",\"dateModified\":\"2025-10-24T08:19:23+00:00\",\"breadcrumb\":{\"@id\":\"https:\/\/careosophy.com\/index.php\/reglement-interieur-careosophy\/#breadcrumb\"},\"inLanguage\":\"fr-FR\",\"potentialAction\":[{\"@type\":\"ReadAction\",\"target\":[\"https:\/\/careosophy.com\/index.php\/reglement-interieur-careosophy\/\"]}]},{\"@type\":\"BreadcrumbList\",\"@id\":\"https:\/\/careosophy.com\/index.php\/reglement-interieur-careosophy\/#breadcrumb\",\"itemListElement\":[{\"@type\":\"ListItem\",\"position\":1,\"name\":\"Accueil\",\"item\":\"https:\/\/careosophy.com\/\"},{\"@type\":\"ListItem\",\"position\":2,\"name\":\"R\u00e9glement int\u00e9rieur &#8211; CAREOSOPHY\"}]},{\"@type\":\"WebSite\",\"@id\":\"https:\/\/careosophy.com\/#website\",\"url\":\"https:\/\/careosophy.com\/\",\"name\":\"Careosophy\",\"description\":\"Devenir acteur de sa vie professionnelle pour se sentir bien dans son travail\",\"publisher\":{\"@id\":\"https:\/\/careosophy.com\/#organization\"},\"potentialAction\":[{\"@type\":\"SearchAction\",\"target\":{\"@type\":\"EntryPoint\",\"urlTemplate\":\"https:\/\/careosophy.com\/?s={search_term_string}\"},\"query-input\":{\"@type\":\"PropertyValueSpecification\",\"valueRequired\":true,\"valueName\":\"search_term_string\"}}],\"inLanguage\":\"fr-FR\"},{\"@type\":\"Organization\",\"@id\":\"https:\/\/careosophy.com\/#organization\",\"name\":\"Careosophy\",\"url\":\"https:\/\/careosophy.com\/\",\"logo\":{\"@type\":\"ImageObject\",\"inLanguage\":\"fr-FR\",\"@id\":\"https:\/\/careosophy.com\/#\/schema\/logo\/image\/\",\"url\":\"https:\/\/careosophy.com\/wp-content\/uploads\/2022\/05\/Wellbeing-and-health-for-caregivers-6.png\",\"contentUrl\":\"https:\/\/careosophy.com\/wp-content\/uploads\/2022\/05\/Wellbeing-and-health-for-caregivers-6.png\",\"width\":1050,\"height\":600,\"caption\":\"Careosophy\"},\"image\":{\"@id\":\"https:\/\/careosophy.com\/#\/schema\/logo\/image\/\"}}]}<\/script>\n<!-- \/ Yoast SEO plugin. -->","yoast_head_json":{"title":"R\u00e9glement int\u00e9rieur - CAREOSOPHY - Careosophy","robots":{"index":"index","follow":"follow","max-snippet":"max-snippet:-1","max-image-preview":"max-image-preview:large","max-video-preview":"max-video-preview:-1"},"canonical":"https:\/\/careosophy.com\/index.php\/reglement-interieur-careosophy\/","og_locale":"fr_FR","og_type":"article","og_title":"R\u00e9glement int\u00e9rieur - CAREOSOPHY - Careosophy","og_description":"R\u00e8glement Int\u00e9rieur des Actions de Formation \u2013 CAREOSOPHY Maj 08.09.2025 Conform\u00e9ment aux articles R.6352-1 \u00e0 R.6352-15 du Code du travail, le pr\u00e9sent r\u00e8glement s\u2019applique \u00e0 l\u2019ensemble des participants aux actions de formation organis\u00e9es par CAREOSOPHY. Article 1 \u2013 Objet Le pr\u00e9sent r\u00e8glement a pour objet de pr\u00e9ciser les r\u00e8gles g\u00e9n\u00e9rales et permanentes relatives \u00e0 la&hellip;","og_url":"https:\/\/careosophy.com\/index.php\/reglement-interieur-careosophy\/","og_site_name":"Careosophy","article_modified_time":"2025-10-24T08:19:23+00:00","twitter_card":"summary_large_image","twitter_misc":{"Dur\u00e9e de lecture estim\u00e9e":"2 minutes"},"schema":{"@context":"https:\/\/schema.org","@graph":[{"@type":"WebPage","@id":"https:\/\/careosophy.com\/index.php\/reglement-interieur-careosophy\/","url":"https:\/\/careosophy.com\/index.php\/reglement-interieur-careosophy\/","name":"R\u00e9glement int\u00e9rieur - CAREOSOPHY - Careosophy","isPartOf":{"@id":"https:\/\/careosophy.com\/#website"},"datePublished":"2025-10-24T08:13:53+00:00","dateModified":"2025-10-24T08:19:23+00:00","breadcrumb":{"@id":"https:\/\/careosophy.com\/index.php\/reglement-interieur-careosophy\/#breadcrumb"},"inLanguage":"fr-FR","potentialAction":[{"@type":"ReadAction","target":["https:\/\/careosophy.com\/index.php\/reglement-interieur-careosophy\/"]}]},{"@type":"BreadcrumbList","@id":"https:\/\/careosophy.com\/index.php\/reglement-interieur-careosophy\/#breadcrumb","itemListElement":[{"@type":"ListItem","position":1,"name":"Accueil","item":"https:\/\/careosophy.com\/"},{"@type":"ListItem","position":2,"name":"R\u00e9glement int\u00e9rieur &#8211; CAREOSOPHY"}]},{"@type":"WebSite","@id":"https:\/\/careosophy.com\/#website","url":"https:\/\/careosophy.com\/","name":"Careosophy","description":"Devenir acteur de sa vie professionnelle pour se sentir bien dans son travail","publisher":{"@id":"https:\/\/careosophy.com\/#organization"},"potentialAction":[{"@type":"SearchAction","target":{"@type":"EntryPoint","urlTemplate":"https:\/\/careosophy.com\/?s={search_term_string}"},"query-input":{"@type":"PropertyValueSpecification","valueRequired":true,"valueName":"search_term_string"}}],"inLanguage":"fr-FR"},{"@type":"Organization","@id":"https:\/\/careosophy.com\/#organization","name":"Careosophy","url":"https:\/\/careosophy.com\/","logo":{"@type":"ImageObject","inLanguage":"fr-FR","@id":"https:\/\/careosophy.com\/#\/schema\/logo\/image\/","url":"https:\/\/careosophy.com\/wp-content\/uploads\/2022\/05\/Wellbeing-and-health-for-caregivers-6.png","contentUrl":"https:\/\/careosophy.com\/wp-content\/uploads\/2022\/05\/Wellbeing-and-health-for-caregivers-6.png","width":1050,"height":600,"caption":"Careosophy"},"image":{"@id":"https:\/\/careosophy.com\/#\/schema\/logo\/image\/"}}]}},"_links":{"self":[{"href":"https:\/\/careosophy.com\/index.php\/wp-json\/wp\/v2\/pages\/9674","targetHints":{"allow":["GET"]}}],"collection":[{"href":"https:\/\/careosophy.com\/index.php\/wp-json\/wp\/v2\/pages"}],"about":[{"href":"https:\/\/careosophy.com\/index.php\/wp-json\/wp\/v2\/types\/page"}],"author":[{"embeddable":true,"href":"https:\/\/careosophy.com\/index.php\/wp-json\/wp\/v2\/users\/1"}],"replies":[{"embeddable":true,"href":"https:\/\/careosophy.com\/index.php\/wp-json\/wp\/v2\/comments?post=9674"}],"version-history":[{"count":10,"href":"https:\/\/careosophy.com\/index.php\/wp-json\/wp\/v2\/pages\/9674\/revisions"}],"predecessor-version":[{"id":9685,"href":"https:\/\/careosophy.com\/index.php\/wp-json\/wp\/v2\/pages\/9674\/revisions\/9685"}],"wp:attachment":[{"href":"https:\/\/careosophy.com\/index.php\/wp-json\/wp\/v2\/media?parent=9674"}],"curies":[{"name":"wp","href":"https:\/\/api.w.org\/{rel}","templated":true}]}}